{"id":2,"date":"2023-03-15T20:47:19","date_gmt":"2023-03-15T20:47:19","guid":{"rendered":"https:\/\/greensyheroes.pl\/?page_id=2"},"modified":"2024-09-11T15:24:16","modified_gmt":"2024-09-11T15:24:16","slug":"dolacz-do-nas","status":"publish","type":"page","link":"https:\/\/greensyheroes.pl\/index.php\/dolacz-do-nas\/","title":{"rendered":"Do\u0142\u0105cz do nas"},"content":{"rendered":"\n<p>Marzysz o niezapomnianych przygodach na dw\u00f3ch k\u00f3\u0142kach? Chcesz przekracza\u0107 w\u0142asne granice, rywalizowa\u0107 w supermaratonach i czu\u0107 team spirit na najwy\u017cszym poziomie? Nasza ekipa kolarska czeka w\u0142a\u015bnie na Ciebie! Niezale\u017cnie od Twojego poziomu zaawansowania, razem b\u0119dziemy zdobywa\u0107 kolejne kilometry i osi\u0105ga\u0107 nowe cele.<br><br>Zapewne zastanawiasz si\u0119, jak do\u0142\u0105czy\u0107?<\/p>\n\n\n\n<blockquote class=\"wp-block-quote is-layout-flow wp-block-quote-is-layout-flow\">\n<p>To bardzo proste! Skontaktuj si\u0119 z nami poprzez mail: <strong><mark style=\"background-color:rgba(0, 0, 0, 0)\" class=\"has-inline-color has-primary-color\">team@greensyheroes.pl<\/mark><\/strong>. Daj nam si\u0119 pozna\u0107, oraz napisz kilka s\u0142\u00f3w na zach\u0119t\u0119. Poka\u017c, kim jeste\u015b, oraz dlaczego chcia\u0142by\u015b do nas do\u0142\u0105czy\u0107.<\/p>\n\n\n\n<p>~ Damian Wo\u017aniak, Greensy Team.<\/p>\n<\/blockquote>\n\n\n\n<p>&#8230; a potem<\/p>\n\n\n\n<blockquote class=\"wp-block-quote is-layout-flow wp-block-quote-is-layout-flow\">\n<p>Do\u0142\u0105cz do najbardziej pozytywnej bandy zakr\u0119conych \u015bwir\u00f3w na punkcie sportu, je\u017celi chodzi o Zachodniopomorskie! Bieganie, treningi bokserskie, mma, oraz zawody kolarskie &#8211; bierzemy udzia\u0142 we wszystkim, promuj\u0105c jednocze\u015bnie sport.<\/p>\n\n\n\n<p>~ Piotr Kraskowski, Greensy Team.<\/p>\n<\/blockquote>\n\n\n\n<p>Przesta\u0144 si\u0119 zastanawia\u0107 i do\u0142\u0105cz ju\u017c dzisiaj, wysy\u0142aj\u0105c mail na: <strong><em><mark style=\"background-color:rgba(0, 0, 0, 0)\" class=\"has-inline-color has-primary-color\">team@greensyheroes.pl<\/mark><\/em><\/strong><\/p>\n\n\n\n<p><\/p>\n","protected":false},"excerpt":{"rendered":"<p>Marzysz o niezapomnianych przygodach na dw\u00f3ch k\u00f3\u0142kach? Chcesz przekracza\u0107 w\u0142asne granice, rywalizowa\u0107 w supermaratonach i czu\u0107 team spirit na najwy\u017cszym poziomie? Nasza ekipa kolarska czeka w\u0142a\u015bnie na Ciebie! Niezale\u017cnie od Twojego poziomu zaawansowania, razem b\u0119dziemy zdobywa\u0107 kolejne kilometry i osi\u0105ga\u0107 nowe cele. Zapewne zastanawiasz si\u0119, jak do\u0142\u0105czy\u0107? To bardzo proste! Skontaktuj si\u0119 z nami poprzez [&hellip;]<\/p>\n","protected":false},"author":1,"featured_media":0,"parent":0,"menu_order":0,"comment_status":"closed","ping_status":"closed","template":"","meta":{"footnotes":""},"class_list":["post-2","page","type-page","status-publish","hentry"],"jetpack_sharing_enabled":true,"_links":{"self":[{"href":"https:\/\/greensyheroes.pl\/index.php\/wp-json\/wp\/v2\/pages\/2"}],"collection":[{"href":"https:\/\/greensyheroes.pl\/index.php\/wp-json\/wp\/v2\/pages"}],"about":[{"href":"https:\/\/greensyheroes.pl\/index.php\/wp-json\/wp\/v2\/types\/page"}],"author":[{"embeddable":true,"href":"https:\/\/greensyheroes.pl\/index.php\/wp-json\/wp\/v2\/users\/1"}],"replies":[{"embeddable":true,"href":"https:\/\/greensyheroes.pl\/index.php\/wp-json\/wp\/v2\/comments?post=2"}],"version-history":[{"count":3,"href":"https:\/\/greensyheroes.pl\/index.php\/wp-json\/wp\/v2\/pages\/2\/revisions"}],"predecessor-version":[{"id":214,"href":"https:\/\/greensyheroes.pl\/index.php\/wp-json\/wp\/v2\/pages\/2\/revisions\/214"}],"wp:attachment":[{"href":"https:\/\/greensyheroes.pl\/index.php\/wp-json\/wp\/v2\/media?parent=2"}],"curies":[{"name":"wp","href":"https:\/\/api.w.org\/{rel}","templated":true}]}}